{"id":452120,"date":"2026-03-21T09:57:26","date_gmt":"2026-03-21T08:57:26","guid":{"rendered":"https:\/\/www.fabrizioaltieri.it\/wordpress\/?page_id=452120"},"modified":"2026-04-06T23:09:11","modified_gmt":"2026-04-06T21:09:11","slug":"lasciate-ogni-speranza","status":"publish","type":"page","link":"https:\/\/www.fabrizioaltieri.it\/wordpress\/lasciate-ogni-speranza\/","title":{"rendered":"Lasciate ogni speranza"},"content":{"rendered":"<div class='ai-viewports ai-viewport-3 ai-insert-55-31324344' style='margin: 8px auto; text-align: center; display: block; clear: both;' data-insertion-position='prepend' data-selector='.ai-insert-55-31324344' data-insertion-no-dbg data-code='PGRpdiBjbGFzcz0nY29kZS1ibG9jayBjb2RlLWJsb2NrLTU1IGNvZGUtYmxvY2stcHJpbWEtZGVsLWNvbnRlbnV0by1maXNzbyBhaS10cmFjaycgZGF0YS1haT0nV3pVMUxDSWlMQ0p3Y21sdFlTQmtaV3dnWTI5dWRHVnVkWFJ2SUdacGMzTnZJaXdpSWl3eFhRPT0nIHN0eWxlPSdtYXJnaW46IDhweCBhdXRvOyB0ZXh0LWFsaWduOiBjZW50ZXI7IGRpc3BsYXk6IGJsb2NrOyBjbGVhcjogYm90aDsnPgoKPGRpdiBjbGFzcz0nYWktcm90YXRlIGFpLXVucHJvY2Vzc2VkIGFpLXJvdGF0ZS01NS04OTc0MzE4MicgZGF0YS1zaGFyZXM9J1d5MHhMRFUxTERFd01GMD0nIHN0eWxlPSdwb3NpdGlvbjogcmVsYXRpdmU7Jz4KPGRpdiBjbGFzcz0iYWktcm90YXRlLW9wdGlvbiIgZGF0YS1pbmRleD0iMSIgZGF0YS1uYW1lPSJRUT09IiBkYXRhLWNvZGU9IkNnbzhjMk55YVhCMElHRnplVzVqSUhOeVl6MGlhSFIwY0hNNkx5OXdZV2RsWVdReUxtZHZiMmRzWlhONWJtUnBZMkYwYVc5dUxtTnZiUzl3WVdkbFlXUXZhbk12WVdSellubG5iMjluYkdVdWFuTS9ZMnhwWlc1MFBXTmhMWEIxWWkwMk16Y3pOVFU0TVRBeE1UYzNPRFkxSWdvZ0lDQWdJR055YjNOemIzSnBaMmx1UFNKaGJtOXVlVzF2ZFhNaVBqd3ZjMk55YVhCMFBnbzhJUzB0SUhCeWFXMWhJR1JsYkd3bllYSjBhV052Ykc4Z2MyMWhjblJ3YUc5dVpTQXlNREkxSUMwdFBnbzhhVzV6SUdOc1lYTnpQU0poWkhOaWVXZHZiMmRzWlNJS0lDQWdJQ0J6ZEhsc1pUMGlaR2x6Y0d4aGVUcGliRzlqYXlJS0lDQWdJQ0JrWVhSaExXRmtMV05zYVdWdWREMGlZMkV0Y0hWaUxUWXpOek0xTlRneE1ERXhOemM0TmpVaUNpQWdJQ0FnWkdGMFlTMWhaQzF6Ykc5MFBTSXhNalk1TnpVeE16QXlJZ29nSUNBZ0lHUmhkR0V0WVdRdFptOXliV0YwUFNKaGRYUnZJZ29nSUNBZ0lHUmhkR0V0Wm5Wc2JDMTNhV1IwYUMxeVpYTndiMjV6YVhabFBTSjBjblZsSWo0OEwybHVjejRLUEhOamNtbHdkRDRLSUNBZ0lDQW9ZV1J6WW5sbmIyOW5iR1VnUFNCM2FXNWtiM2N1WVdSellubG5iMjluYkdVZ2ZId2dXMTBwTG5CMWMyZ29lMzBwT3dvOEwzTmpjbWx3ZEQ0S0NqeHdJSE4wZVd4bFBTSjBaWGgwTFdGc2FXZHVPaUJqWlc1MFpYSTdJajQ4WVNCb2NtVm1QU0pvZEhSd2N6b3ZMM2QzZHk1bVlXSnlhWHBwYjJGc2RHbGxjbWt1YVhRdmQyOXlaSEJ5WlhOekwybHVZMjl1ZEhKdkxXTnZiaTFzWVhWMGIzSmxMeUkrUEdsdFp5QmpiR0Z6Y3owaVlXeHBaMjV1YjI1bElIZHdMV2x0WVdkbExUUXdNVEk0TnlBaUlITnlZejBpYUhSMGNITTZMeTkzZDNjdVptRmljbWw2YVc5aGJIUnBaWEpwTG1sMEwzZHZjbVJ3Y21WemN5OTNjQzFqYjI1MFpXNTBMM1Z3Ykc5aFpITXZNakF5TXk4eE1pOXpZM0pwZEhSdmNtOXVaUzFsTVRjeU9UTXlOekUxTVRFME5DMHpNREI0TXpBd0xtcHdaeUlnWVd4MFBTSlRZM0pwZEhSdmNtOXVaU0lnZDJsa2RHZzlJamt3SWlCb1pXbG5hSFE5SWprd0lpQXZQand2WVQ0OEwzQStDZ284YURNZ2MzUjViR1U5SW5SbGVIUXRZV3hwWjI0NklHTmxiblJsY2pzaVBqeHpkSEp2Ym1jK1ZuVnZhU0JwYm1OdmJuUnlZWEp0YVNCdVpXeHNZU0IwZFdFZ2MyTjFiMnhoUHlBOFlTQm9jbVZtUFNKb2RIUndjem92TDNkM2R5NW1ZV0p5YVhwcGIyRnNkR2xsY21rdWFYUXZkMjl5WkhCeVpYTnpMMmx1WTI5dWRISnZMV052Ymkxc1lYVjBiM0psTHlJK1EyeHBZMk5oSUhGMWFTQThMMkUrUEM5emRISnZibWMrUEM5b016NEtDZ29LQ2c9PSI+CjwvZGl2Pgo8ZGl2IGNsYXNzPSJhaS1yb3RhdGUtb3B0aW9uIiBkYXRhLWluZGV4PSIyIiBkYXRhLW5hbWU9IlFnPT0iIGRhdGEtY29kZT0iQ2p4elkzSnBjSFFnWVhONWJtTWdjM0pqUFNKb2RIUndjem92TDNCaFoyVmhaREl1WjI5dloyeGxjM2x1WkdsallYUnBiMjR1WTI5dEwzQmhaMlZoWkM5cWN5OWhaSE5pZVdkdmIyZHNaUzVxY3o5amJHbGxiblE5WTJFdGNIVmlMVFl6TnpNMU5UZ3hNREV4TnpjNE5qVWlDaUFnSUNBZ1kzSnZjM052Y21sbmFXNDlJbUZ1YjI1NWJXOTFjeUkrUEM5elkzSnBjSFErQ2p3aExTMGdjSEpwYldFZ1pHVnNiQ2RoY25ScFkyOXNieUJ6YldGeWRIQm9iMjVsSURJd01qVWdMUzArQ2p4cGJuTWdZMnhoYzNNOUltRmtjMko1WjI5dloyeGxJZ29nSUNBZ0lITjBlV3hsUFNKa2FYTndiR0Y1T21Kc2IyTnJJZ29nSUNBZ0lHUmhkR0V0WVdRdFkyeHBaVzUwUFNKallTMXdkV0l0TmpNM016VTFPREV3TVRFM056ZzJOU0lLSUNBZ0lDQmtZWFJoTFdGa0xYTnNiM1E5SWpFeU5qazNOVEV6TURJaUNpQWdJQ0FnWkdGMFlTMWhaQzFtYjNKdFlYUTlJbUYxZEc4aUNpQWdJQ0FnWkdGMFlTMW1kV3hzTFhkcFpIUm9MWEpsYzNCdmJuTnBkbVU5SW5SeWRXVWlQand2YVc1elBnbzhjMk55YVhCMFBnb2dJQ0FnSUNoaFpITmllV2R2YjJkc1pTQTlJSGRwYm1SdmR5NWhaSE5pZVdkdmIyZHNaU0I4ZkNCYlhTa3VjSFZ6YUNoN2ZTazdDand2YzJOeWFYQjBQZ29LUEhBZ2MzUjViR1U5SW5SbGVIUXRZV3hwWjI0NklHTmxiblJsY2pzaVBqeHpkSEp2Ym1jK1BHRWdhSEpsWmowaWFIUjBjSE02THk5M2QzY3VabUZpY21sNmFXOWhiSFJwWlhKcExtbDBMM2R2Y21Sd2NtVnpjeTlrYjNkdWJHOWhaQzh5TlRBNE1TOC9kRzF6ZEhZOU1UYzBPVEk0Tnpjek1TSStQR2x0WnlCamJHRnpjejBpWVd4cFoyNXViMjVsSUhkd0xXbHRZV2RsTFRRNE1qRWdjMmw2WlMxbWRXeHNJaUIwYVhSc1pUMGljR1JtSUhOamFHVmtaU0JrWldrZ2JXbGxhU0JzYVdKeWFTSWdjM0pqUFNKb2RIUndjem92TDNkM2R5NW1ZV0p5YVhwcGIyRnNkR2xsY21rdWFYUXZkMjl5WkhCeVpYTnpMM2R3TFdOdmJuUmxiblF2ZFhCc2IyRmtjeTh5TURFMUx6QTRMM0JrWm1samIyNHRaVEUxTmpRd05qWXhPVFEwTnpZdWNHNW5JaUJoYkhROUluQmtaaUJ6WTJobFpHVWdaR1ZwSUcxcFpXa2diR2xpY21raUlIZHBaSFJvUFNJMk1DSWdhR1ZwWjJoMFBTSTJNQ0lnTHo0OEwyRStVMk5oY21sallTQnNaU0J6WTJobFpHVWdaR1ZwSUcxcFpXa2diR2xpY21rOEwzTjBjbTl1Wno0Z1BHRWdhSEpsWmowaWFIUjBjSE02THk5M2QzY3VabUZpY21sNmFXOWhiSFJwWlhKcExtbDBMM2R2Y21Sd2NtVnpjeTlrYjNkdWJHOWhaQzh5TlRBNE1TOC9kRzF6ZEhZOU1UYzBPVEk0Tnpjek1TSWdkR0Z5WjJWMFBTSmZZbXhoYm1zaUlISmxiRDBpYm05dmNHVnVaWElpUGp4emRISnZibWMrUTB4SlEwTkJJRkZWU1R3dmMzUnliMjVuUGp3dllUNDhMM0ErQ2dvS0Nnb0tDZz09Ij4KPC9kaXY+CjxkaXYgY2xhc3M9ImFpLXJvdGF0ZS1vcHRpb24iIGRhdGEtaW5kZXg9IjMiIGRhdGEtbmFtZT0iUXc9PSIgZGF0YS1jb2RlPSJDZ29LUEhOamNtbHdkQ0JoYzNsdVl5QnpjbU05SW1oMGRIQnpPaTh2Y0dGblpXRmtNaTVuYjI5bmJHVnplVzVrYVdOaGRHbHZiaTVqYjIwdmNHRm5aV0ZrTDJwekwyRmtjMko1WjI5dloyeGxMbXB6UDJOc2FXVnVkRDFqWVMxd2RXSXROak0zTXpVMU9ERXdNVEUzTnpnMk5TSUtJQ0FnSUNCamNtOXpjMjl5YVdkcGJqMGlZVzV2Ym5sdGIzVnpJajQ4TDNOamNtbHdkRDRLUENFdExTQndjbWx0WVNCa1pXeHNKMkZ5ZEdsamIyeHZJSE50WVhKMGNHaHZibVVnTWpBeU5TQXRMVDRLUEdsdWN5QmpiR0Z6Y3owaVlXUnpZbmxuYjI5bmJHVWlDaUFnSUNBZ2MzUjViR1U5SW1ScGMzQnNZWGs2WW14dlkyc2lDaUFnSUNBZ1pHRjBZUzFoWkMxamJHbGxiblE5SW1OaExYQjFZaTAyTXpjek5UVTRNVEF4TVRjM09EWTFJZ29nSUNBZ0lHUmhkR0V0WVdRdGMyeHZkRDBpTVRJMk9UYzFNVE13TWlJS0lDQWdJQ0JrWVhSaExXRmtMV1p2Y20xaGREMGlZWFYwYnlJS0lDQWdJQ0JrWVhSaExXWjFiR3d0ZDJsa2RHZ3RjbVZ6Y0c5dWMybDJaVDBpZEhKMVpTSStQQzlwYm5NK0NqeHpZM0pwY0hRK0NpQWdJQ0FnS0dGa2MySjVaMjl2WjJ4bElEMGdkMmx1Wkc5M0xtRmtjMko1WjI5dloyeGxJSHg4SUZ0ZEtTNXdkWE5vS0h0OUtUc0tQQzl6WTNKcGNIUStDZ284Y0NCemRIbHNaVDBpZEdWNGRDMWhiR2xuYmpvZ1kyVnVkR1Z5T3lJZ1pHRjBZUzEzY0MxbFpHbDBhVzVuUFNJeElqNDhjM1J5YjI1blBqeGhJR2h5WldZOUltaDBkSEJ6T2k4dmQzZDNMbVpoWW5KcGVtbHZZV3gwYVdWeWFTNXBkQzkzYjNKa2NISmxjM012Wkc5M2JteHZZV1F2TVRFeU16Z3ZQM1J0YzNSMlBURTNORGswT0RZd056Y2lQanhwYldjZ1kyeGhjM005SW1Gc2FXZHVibTl1WlNCM2NDMXBiV0ZuWlMwME9ESXhJSE5wZW1VdFpuVnNiQ0lnZEdsMGJHVTlJbkJrWmlCelkyaGxaR1VnWkdWcElHMXBaV2tnYkdsaWNta2dNV0VnWlNBeVlTQmxiR1Z0Wlc1MFlYSmxJaUJ6Y21NOUltaDBkSEJ6T2k4dmQzZDNMbVpoWW5KcGVtbHZZV3gwYVdWeWFTNXBkQzkzYjNKa2NISmxjM012ZDNBdFkyOXVkR1Z1ZEM5MWNHeHZZV1J6THpJd01UVXZNRGd2Y0dSbWFXTnZiaTFsTVRVMk5EQTJOakU1TkRRM05pNXdibWNpSUdGc2REMGljR1JtSUhOamFHVmtaU0JrWldrZ2JXbGxhU0JzYVdKeWFTQXhZU0JsSURKaElHVnNaVzFsYm5SaGNtVWlJSGRwWkhSb1BTSTJNQ0lnYUdWcFoyaDBQU0kyTUNJZ0x6NDhMMkUrVTJOaGNtbGpZU0JzWlNCelkyaGxaR1VnWkdWcElHMXBaV2tnYkdsaWNta2djR1Z5SURGaElHVWdNbUVnWld4bGJXVnVkR0Z5WlR3dmMzUnliMjVuUGlBOFlTQm9jbVZtUFNKb2RIUndjem92TDNkM2R5NW1ZV0p5YVhwcGIyRnNkR2xsY21rdWFYUXZkMjl5WkhCeVpYTnpMMlJ2ZDI1c2IyRmtMekV4TWpNNEx6OTBiWE4wZGoweE56UTVORGcyTURjM0lpQjBZWEpuWlhROUlsOWliR0Z1YXlJZ2NtVnNQU0p1YjI5d1pXNWxjaUkrUEhOMGNtOXVaejVEVEVsRFEwRWdVVlZKUEM5emRISnZibWMrUEM5aFBqd3ZjRDRLQ2dvPSI+CjwvZGl2Pgo8L2Rpdj4KPHNjcmlwdD5pZiAodHlwZW9mIGFpX2pzX2NvZGUgPT0gJ2Jvb2xlYW4nKSB7dmFyIGFpX2Jsb2NrX2RpdiA9IGRvY3VtZW50LnF1ZXJ5U2VsZWN0b3IgKCcuYWktcm90YXRlLTU1LTg5NzQzMTgyJyk7IGFpX3Byb2Nlc3Nfcm90YXRpb24gKGFpX2Jsb2NrX2Rpdik7IGFpX2Jsb2NrX2Rpdi5jbGFzc0xpc3QucmVtb3ZlICgnYWktcm90YXRlLTU1LTg5NzQzMTgyJyk7fTs8L3NjcmlwdD4KPC9kaXY+Cg==' data-block='55'><\/div>\n<script>\n  ai_run_976705225966 = function(){ai_insert_viewport_code ('ai-insert-55-31324344');};\n  if (document.readyState === 'complete' || (document.readyState !== 'loading' && !document.documentElement.doScroll)) ai_run_976705225966 (); else document.addEventListener ('DOMContentLoaded', ai_run_976705225966);\n<\/script>\n<div id=\"bookDescription_feature_div\" class=\"celwidget\" data-feature-name=\"bookDescription\" data-csa-c-type=\"widget\" data-csa-c-content-id=\"bookDescription\" data-csa-c-slot-id=\"bookDescription_feature_div\" data-csa-c-asin=\"\" data-csa-c-is-in-initial-active-row=\"false\" data-csa-c-id=\"6tj9l4-u0l93r-6g0o94-8qjsga\" data-cel-widget=\"bookDescription_feature_div\">\n<div class=\"a-expander-collapsed-height a-row a-expander-container a-spacing-base a-expander-partial-collapse-container\" data-a-expander-name=\"book_description_expander\" data-a-expander-collapsed-height=\"280\">\n<div class=\"a-expander-content a-expander-partial-collapse-content\" style=\"text-align: center;\" data-expanded=\"false\"><img loading=\"lazy\" decoding=\"async\" class=\"alignnone size-medium wp-image-452118\" src=\"https:\/\/www.fabrizioaltieri.it\/wordpress\/wp-content\/uploads\/2025\/04\/lasciate-ogni-speranza-200x300.jpg\" alt=\"\" width=\"200\" height=\"300\" srcset=\"https:\/\/www.fabrizioaltieri.it\/wordpress\/wp-content\/uploads\/2025\/04\/lasciate-ogni-speranza-200x300.jpg 200w, https:\/\/www.fabrizioaltieri.it\/wordpress\/wp-content\/uploads\/2025\/04\/lasciate-ogni-speranza-684x1024.jpg 684w, https:\/\/www.fabrizioaltieri.it\/wordpress\/wp-content\/uploads\/2025\/04\/lasciate-ogni-speranza-194x290.jpg 194w, https:\/\/www.fabrizioaltieri.it\/wordpress\/wp-content\/uploads\/2025\/04\/lasciate-ogni-speranza-768x1150.jpg 768w, https:\/\/www.fabrizioaltieri.it\/wordpress\/wp-content\/uploads\/2025\/04\/lasciate-ogni-speranza-264x395.jpg 264w, https:\/\/www.fabrizioaltieri.it\/wordpress\/wp-content\/uploads\/2025\/04\/lasciate-ogni-speranza.jpg 1000w\" sizes=\"auto, (max-width: 200px) 100vw, 200px\" \/><\/div>\n<div data-expanded=\"false\">Il mio nuovo libro horror <a href=\"https:\/\/www.fabrizioaltieri.it\/wordpress\/tutti-i-miei-libri-per-ragazzi\/\">per ragazzi<\/a> delle <a href=\"https:\/\/www.fabrizioaltieri.it\/wordpress\/schede-didattiche-scuola-media-3\/\">medie<\/a>, pubblicato da Il <a href=\"https:\/\/www.fabrizioaltieri.it\/wordpress\/tutti-i-miei-libri-per-ragazzi\/battello-a-vapore\/\">Battello a Vapore<\/a> nella serie Dark. Durante una gita di classe, Orio, Cino e Augusto prendono una scorciatoia nel bosco. Arrivati a una porticina di legno, la varcano e&#8230; si ritrovano nel buio pi\u00f9 nero di sempre. I tre vengono catturati e portati al cospetto di Domino, e in breve la terribile verit\u00e0 \u00e8 svelata: Orio e i suoi amici sono finiti in un luogo infernale, dove l&#8217;aria sa di zolfo e la gente ha lo sguardo vacuo di chi non ha pi\u00f9 sogni n\u00e9 speranza. Prima di sbatterli in cella, Domino \u00e8 chiaro: da quel mondo sotterraneo e senza luce non usciranno mai pi\u00f9. Con l&#8217;aiuto di Lapo e del giovane Virgilio, per\u00f2, i tre riescono a scappare e, tra paludi maleodoranti e belve mai viste, vengono a sapere della profezia. Anni fa, un certo Dante ha lasciato scritti dei versi segreti: solo il Lettore predestinato, col nome di un corpo celeste, sar\u00e0 in grado di decifrarli e, seguendo le indicazioni delle antiche rime, guider\u00e0 il popolo delle Falene a riveder le stelle&#8230;<\/div>\n<div data-expanded=\"false\"><strong>Lasciate ogni speranza (Il Battello a Vapore) per et\u00e0 dagli 11 anni in su.<\/strong><\/div>\n<\/div>\n<div style=\"text-align: center;\" data-expanded=\"false\"><strong>Compralo su Amazon <a href=\"https:\/\/amzn.to\/3NNQPEO\"><span style=\"color: #ff0000;\">clicca qui<\/span><\/a><\/strong><\/div>\n<\/div>\n<div data-expanded=\"false\">\n<h3 style=\"text-align: center;\"><span style=\"color: #0c8e09;\"><a style=\"color: #0c8e09;\" href=\"https:\/\/www.fabrizioaltieri.it\/wordpress\/tutti-i-miei-libri-per-ragazzi\/\" target=\"_blank\" rel=\"noopener noreferrer\">Scopri tutti i miei libri <span style=\"color: #ff0000;\">clicca qui<\/span><\/a><\/span><\/h3>\n<\/div>\n<script>if (typeof ai_install_close_buttons == \"function\") {ai_install_close_buttons (document);}<\/script><!-- CONTENT END 1 -->\n","protected":false},"excerpt":{"rendered":"<p>Il mio nuovo libro horror per ragazzi delle medie, pubblicato da Il Battello a Vapore nella serie Dark. Durante una gita di classe, Orio, Cino e Augusto prendono una scorciatoia nel bosco. Arrivati a una porticina di legno, la varcano e&#8230; si ritrovano nel buio pi\u00f9 nero di sempre. I tre vengono catturati e portati [&hellip;]<\/p>\n","protected":false},"author":1,"featured_media":0,"parent":0,"menu_order":0,"comment_status":"closed","ping_status":"open","template":"page-with-sidebar","meta":{"footnotes":""},"class_list":["post-452120","page","type-page","status-publish","hentry"],"yoast_head":"<!-- This site is optimized with the Yoast SEO plugin v27.3 - https:\/\/yoast.com\/product\/yoast-seo-wordpress\/ -->\n<title>Lasciate ogni speranza - Il Battello a Vapore<\/title>\n<meta name=\"description\" content=\"Lasciate ogni speranza \u00e8 un romanzo horror per ragazzi delle medie che parla d&#039;amore e di amicizia.\" \/>\n<meta name=\"robots\" content=\"index, follow, max-snippet:-1, max-image-preview:large, max-video-preview:-1\" \/>\n<link rel=\"canonical\" href=\"https:\/\/www.fabrizioaltieri.it\/wordpress\/lasciate-ogni-speranza\/\" \/>\n<meta property=\"og:locale\" content=\"it_IT\" \/>\n<meta property=\"og:type\" content=\"article\" \/>\n<meta property=\"og:title\" content=\"Lasciate ogni speranza - Il Battello a Vapore\" \/>\n<meta property=\"og:description\" content=\"Lasciate ogni speranza \u00e8 un romanzo horror per ragazzi delle medie che parla d&#039;amore e di amicizia.\" \/>\n<meta property=\"og:url\" content=\"https:\/\/www.fabrizioaltieri.it\/wordpress\/lasciate-ogni-speranza\/\" \/>\n<meta property=\"og:site_name\" content=\"Fabrizio Altieri\" \/>\n<meta property=\"article:publisher\" content=\"https:\/\/www.facebook.com\/fabrizio.altieri\" \/>\n<meta property=\"article:modified_time\" content=\"2026-04-06T21:09:11+00:00\" \/>\n<meta property=\"og:image\" content=\"https:\/\/www.fabrizioaltieri.it\/wordpress\/wp-content\/uploads\/2025\/04\/lasciate-ogni-speranza.jpg\" \/>\n\t<meta property=\"og:image:width\" content=\"1000\" \/>\n\t<meta property=\"og:image:height\" content=\"1497\" \/>\n\t<meta property=\"og:image:type\" content=\"image\/jpeg\" \/>\n<meta name=\"twitter:card\" content=\"summary_large_image\" \/>\n<meta name=\"twitter:site\" content=\"@scrittorone\" \/>\n<meta name=\"twitter:label1\" content=\"Tempo di lettura stimato\" \/>\n\t<meta name=\"twitter:data1\" content=\"2 minuti\" \/>\n<script type=\"application\/ld+json\" class=\"yoast-schema-graph\">{\"@context\":\"https:\\\/\\\/schema.org\",\"@graph\":[{\"@type\":[\"Article\",\"BlogPosting\"],\"@id\":\"https:\\\/\\\/www.fabrizioaltieri.it\\\/wordpress\\\/lasciate-ogni-speranza\\\/#article\",\"isPartOf\":{\"@id\":\"https:\\\/\\\/www.fabrizioaltieri.it\\\/wordpress\\\/lasciate-ogni-speranza\\\/\"},\"author\":{\"name\":\"Fabrizio\",\"@id\":\"https:\\\/\\\/www.fabrizioaltieri.it\\\/wordpress\\\/#\\\/schema\\\/person\\\/b9b57fbf444bfcc1f1861e5b25d24b41\"},\"headline\":\"Lasciate ogni speranza\",\"datePublished\":\"2026-03-21T08:57:26+00:00\",\"dateModified\":\"2026-04-06T21:09:11+00:00\",\"mainEntityOfPage\":{\"@id\":\"https:\\\/\\\/www.fabrizioaltieri.it\\\/wordpress\\\/lasciate-ogni-speranza\\\/\"},\"wordCount\":212,\"publisher\":{\"@id\":\"https:\\\/\\\/www.fabrizioaltieri.it\\\/wordpress\\\/#\\\/schema\\\/person\\\/b9b57fbf444bfcc1f1861e5b25d24b41\"},\"image\":{\"@id\":\"https:\\\/\\\/www.fabrizioaltieri.it\\\/wordpress\\\/lasciate-ogni-speranza\\\/#primaryimage\"},\"thumbnailUrl\":\"https:\\\/\\\/www.fabrizioaltieri.it\\\/wordpress\\\/wp-content\\\/uploads\\\/2025\\\/04\\\/lasciate-ogni-speranza-200x300.jpg\",\"inLanguage\":\"it-IT\"},{\"@type\":\"WebPage\",\"@id\":\"https:\\\/\\\/www.fabrizioaltieri.it\\\/wordpress\\\/lasciate-ogni-speranza\\\/\",\"url\":\"https:\\\/\\\/www.fabrizioaltieri.it\\\/wordpress\\\/lasciate-ogni-speranza\\\/\",\"name\":\"Lasciate ogni speranza - Il Battello a Vapore\",\"isPartOf\":{\"@id\":\"https:\\\/\\\/www.fabrizioaltieri.it\\\/wordpress\\\/#website\"},\"primaryImageOfPage\":{\"@id\":\"https:\\\/\\\/www.fabrizioaltieri.it\\\/wordpress\\\/lasciate-ogni-speranza\\\/#primaryimage\"},\"image\":{\"@id\":\"https:\\\/\\\/www.fabrizioaltieri.it\\\/wordpress\\\/lasciate-ogni-speranza\\\/#primaryimage\"},\"thumbnailUrl\":\"https:\\\/\\\/www.fabrizioaltieri.it\\\/wordpress\\\/wp-content\\\/uploads\\\/2025\\\/04\\\/lasciate-ogni-speranza-200x300.jpg\",\"datePublished\":\"2026-03-21T08:57:26+00:00\",\"dateModified\":\"2026-04-06T21:09:11+00:00\",\"description\":\"Lasciate ogni speranza \u00e8 un romanzo horror per ragazzi delle medie che parla d'amore e di amicizia.\",\"breadcrumb\":{\"@id\":\"https:\\\/\\\/www.fabrizioaltieri.it\\\/wordpress\\\/lasciate-ogni-speranza\\\/#breadcrumb\"},\"inLanguage\":\"it-IT\",\"potentialAction\":[{\"@type\":\"ReadAction\",\"target\":[\"https:\\\/\\\/www.fabrizioaltieri.it\\\/wordpress\\\/lasciate-ogni-speranza\\\/\"]}]},{\"@type\":\"ImageObject\",\"inLanguage\":\"it-IT\",\"@id\":\"https:\\\/\\\/www.fabrizioaltieri.it\\\/wordpress\\\/lasciate-ogni-speranza\\\/#primaryimage\",\"url\":\"https:\\\/\\\/www.fabrizioaltieri.it\\\/wordpress\\\/wp-content\\\/uploads\\\/2025\\\/04\\\/lasciate-ogni-speranza.jpg\",\"contentUrl\":\"https:\\\/\\\/www.fabrizioaltieri.it\\\/wordpress\\\/wp-content\\\/uploads\\\/2025\\\/04\\\/lasciate-ogni-speranza.jpg\",\"width\":1000,\"height\":1497},{\"@type\":\"BreadcrumbList\",\"@id\":\"https:\\\/\\\/www.fabrizioaltieri.it\\\/wordpress\\\/lasciate-ogni-speranza\\\/#breadcrumb\",\"itemListElement\":[{\"@type\":\"ListItem\",\"position\":1,\"name\":\"Home\",\"item\":\"https:\\\/\\\/www.fabrizioaltieri.it\\\/wordpress\\\/\"},{\"@type\":\"ListItem\",\"position\":2,\"name\":\"Lasciate ogni speranza\"}]},{\"@type\":\"WebSite\",\"@id\":\"https:\\\/\\\/www.fabrizioaltieri.it\\\/wordpress\\\/#website\",\"url\":\"https:\\\/\\\/www.fabrizioaltieri.it\\\/wordpress\\\/\",\"name\":\"Fabrizio Altieri\",\"description\":\"Scrittore e insegnante\",\"publisher\":{\"@id\":\"https:\\\/\\\/www.fabrizioaltieri.it\\\/wordpress\\\/#\\\/schema\\\/person\\\/b9b57fbf444bfcc1f1861e5b25d24b41\"},\"alternateName\":\"Schede didattiche e libri per ragazzi\",\"potentialAction\":[{\"@type\":\"SearchAction\",\"target\":{\"@type\":\"EntryPoint\",\"urlTemplate\":\"https:\\\/\\\/www.fabrizioaltieri.it\\\/wordpress\\\/?s={search_term_string}\"},\"query-input\":{\"@type\":\"PropertyValueSpecification\",\"valueRequired\":true,\"valueName\":\"search_term_string\"}}],\"inLanguage\":\"it-IT\"},{\"@type\":[\"Person\",\"Organization\"],\"@id\":\"https:\\\/\\\/www.fabrizioaltieri.it\\\/wordpress\\\/#\\\/schema\\\/person\\\/b9b57fbf444bfcc1f1861e5b25d24b41\",\"name\":\"Fabrizio\",\"image\":{\"@type\":\"ImageObject\",\"inLanguage\":\"it-IT\",\"@id\":\"https:\\\/\\\/www.fabrizioaltieri.it\\\/wordpress\\\/wp-content\\\/uploads\\\/2023\\\/12\\\/scrittorone-e1729327151144.jpg\",\"url\":\"https:\\\/\\\/www.fabrizioaltieri.it\\\/wordpress\\\/wp-content\\\/uploads\\\/2023\\\/12\\\/scrittorone-e1729327151144.jpg\",\"contentUrl\":\"https:\\\/\\\/www.fabrizioaltieri.it\\\/wordpress\\\/wp-content\\\/uploads\\\/2023\\\/12\\\/scrittorone-e1729327151144.jpg\",\"width\":320,\"height\":320,\"caption\":\"Fabrizio\"},\"logo\":{\"@id\":\"https:\\\/\\\/www.fabrizioaltieri.it\\\/wordpress\\\/wp-content\\\/uploads\\\/2023\\\/12\\\/scrittorone-e1729327151144.jpg\"},\"description\":\"Fabrizio Altieri, pisano, \u00e8 insegnante e scrive libri per ragazzi e per grandi. Ha pubblicato con le pi\u00f9 importanti case editrici tra le quali Mondadori, Feltrinelli, Rizzoli e Il Battello a Vapore\",\"sameAs\":[\"https:\\\/\\\/www.facebook.com\\\/fabrizio.altieri\",\"https:\\\/\\\/www.instagram.com\\\/scrittorone\\\/\",\"https:\\\/\\\/x.com\\\/https:\\\/\\\/twitter.com\\\/scrittorone\"],\"url\":\"https:\\\/\\\/www.fabrizioaltieri.it\\\/wordpress\\\/author\\\/fabcyr79\\\/\"}]}<\/script>\n<!-- \/ Yoast SEO plugin. -->","yoast_head_json":{"title":"Lasciate ogni speranza - Il Battello a Vapore","description":"Lasciate ogni speranza \u00e8 un romanzo horror per ragazzi delle medie che parla d'amore e di amicizia.","robots":{"index":"index","follow":"follow","max-snippet":"max-snippet:-1","max-image-preview":"max-image-preview:large","max-video-preview":"max-video-preview:-1"},"canonical":"https:\/\/www.fabrizioaltieri.it\/wordpress\/lasciate-ogni-speranza\/","og_locale":"it_IT","og_type":"article","og_title":"Lasciate ogni speranza - Il Battello a Vapore","og_description":"Lasciate ogni speranza \u00e8 un romanzo horror per ragazzi delle medie che parla d'amore e di amicizia.","og_url":"https:\/\/www.fabrizioaltieri.it\/wordpress\/lasciate-ogni-speranza\/","og_site_name":"Fabrizio Altieri","article_publisher":"https:\/\/www.facebook.com\/fabrizio.altieri","article_modified_time":"2026-04-06T21:09:11+00:00","og_image":[{"width":1000,"height":1497,"url":"https:\/\/www.fabrizioaltieri.it\/wordpress\/wp-content\/uploads\/2025\/04\/lasciate-ogni-speranza.jpg","type":"image\/jpeg"}],"twitter_card":"summary_large_image","twitter_site":"@scrittorone","twitter_misc":{"Tempo di lettura stimato":"2 minuti"},"schema":{"@context":"https:\/\/schema.org","@graph":[{"@type":["Article","BlogPosting"],"@id":"https:\/\/www.fabrizioaltieri.it\/wordpress\/lasciate-ogni-speranza\/#article","isPartOf":{"@id":"https:\/\/www.fabrizioaltieri.it\/wordpress\/lasciate-ogni-speranza\/"},"author":{"name":"Fabrizio","@id":"https:\/\/www.fabrizioaltieri.it\/wordpress\/#\/schema\/person\/b9b57fbf444bfcc1f1861e5b25d24b41"},"headline":"Lasciate ogni speranza","datePublished":"2026-03-21T08:57:26+00:00","dateModified":"2026-04-06T21:09:11+00:00","mainEntityOfPage":{"@id":"https:\/\/www.fabrizioaltieri.it\/wordpress\/lasciate-ogni-speranza\/"},"wordCount":212,"publisher":{"@id":"https:\/\/www.fabrizioaltieri.it\/wordpress\/#\/schema\/person\/b9b57fbf444bfcc1f1861e5b25d24b41"},"image":{"@id":"https:\/\/www.fabrizioaltieri.it\/wordpress\/lasciate-ogni-speranza\/#primaryimage"},"thumbnailUrl":"https:\/\/www.fabrizioaltieri.it\/wordpress\/wp-content\/uploads\/2025\/04\/lasciate-ogni-speranza-200x300.jpg","inLanguage":"it-IT"},{"@type":"WebPage","@id":"https:\/\/www.fabrizioaltieri.it\/wordpress\/lasciate-ogni-speranza\/","url":"https:\/\/www.fabrizioaltieri.it\/wordpress\/lasciate-ogni-speranza\/","name":"Lasciate ogni speranza - Il Battello a Vapore","isPartOf":{"@id":"https:\/\/www.fabrizioaltieri.it\/wordpress\/#website"},"primaryImageOfPage":{"@id":"https:\/\/www.fabrizioaltieri.it\/wordpress\/lasciate-ogni-speranza\/#primaryimage"},"image":{"@id":"https:\/\/www.fabrizioaltieri.it\/wordpress\/lasciate-ogni-speranza\/#primaryimage"},"thumbnailUrl":"https:\/\/www.fabrizioaltieri.it\/wordpress\/wp-content\/uploads\/2025\/04\/lasciate-ogni-speranza-200x300.jpg","datePublished":"2026-03-21T08:57:26+00:00","dateModified":"2026-04-06T21:09:11+00:00","description":"Lasciate ogni speranza \u00e8 un romanzo horror per ragazzi delle medie che parla d'amore e di amicizia.","breadcrumb":{"@id":"https:\/\/www.fabrizioaltieri.it\/wordpress\/lasciate-ogni-speranza\/#breadcrumb"},"inLanguage":"it-IT","potentialAction":[{"@type":"ReadAction","target":["https:\/\/www.fabrizioaltieri.it\/wordpress\/lasciate-ogni-speranza\/"]}]},{"@type":"ImageObject","inLanguage":"it-IT","@id":"https:\/\/www.fabrizioaltieri.it\/wordpress\/lasciate-ogni-speranza\/#primaryimage","url":"https:\/\/www.fabrizioaltieri.it\/wordpress\/wp-content\/uploads\/2025\/04\/lasciate-ogni-speranza.jpg","contentUrl":"https:\/\/www.fabrizioaltieri.it\/wordpress\/wp-content\/uploads\/2025\/04\/lasciate-ogni-speranza.jpg","width":1000,"height":1497},{"@type":"BreadcrumbList","@id":"https:\/\/www.fabrizioaltieri.it\/wordpress\/lasciate-ogni-speranza\/#breadcrumb","itemListElement":[{"@type":"ListItem","position":1,"name":"Home","item":"https:\/\/www.fabrizioaltieri.it\/wordpress\/"},{"@type":"ListItem","position":2,"name":"Lasciate ogni speranza"}]},{"@type":"WebSite","@id":"https:\/\/www.fabrizioaltieri.it\/wordpress\/#website","url":"https:\/\/www.fabrizioaltieri.it\/wordpress\/","name":"Fabrizio Altieri","description":"Scrittore e insegnante","publisher":{"@id":"https:\/\/www.fabrizioaltieri.it\/wordpress\/#\/schema\/person\/b9b57fbf444bfcc1f1861e5b25d24b41"},"alternateName":"Schede didattiche e libri per ragazzi","potentialAction":[{"@type":"SearchAction","target":{"@type":"EntryPoint","urlTemplate":"https:\/\/www.fabrizioaltieri.it\/wordpress\/?s={search_term_string}"},"query-input":{"@type":"PropertyValueSpecification","valueRequired":true,"valueName":"search_term_string"}}],"inLanguage":"it-IT"},{"@type":["Person","Organization"],"@id":"https:\/\/www.fabrizioaltieri.it\/wordpress\/#\/schema\/person\/b9b57fbf444bfcc1f1861e5b25d24b41","name":"Fabrizio","image":{"@type":"ImageObject","inLanguage":"it-IT","@id":"https:\/\/www.fabrizioaltieri.it\/wordpress\/wp-content\/uploads\/2023\/12\/scrittorone-e1729327151144.jpg","url":"https:\/\/www.fabrizioaltieri.it\/wordpress\/wp-content\/uploads\/2023\/12\/scrittorone-e1729327151144.jpg","contentUrl":"https:\/\/www.fabrizioaltieri.it\/wordpress\/wp-content\/uploads\/2023\/12\/scrittorone-e1729327151144.jpg","width":320,"height":320,"caption":"Fabrizio"},"logo":{"@id":"https:\/\/www.fabrizioaltieri.it\/wordpress\/wp-content\/uploads\/2023\/12\/scrittorone-e1729327151144.jpg"},"description":"Fabrizio Altieri, pisano, \u00e8 insegnante e scrive libri per ragazzi e per grandi. Ha pubblicato con le pi\u00f9 importanti case editrici tra le quali Mondadori, Feltrinelli, Rizzoli e Il Battello a Vapore","sameAs":["https:\/\/www.facebook.com\/fabrizio.altieri","https:\/\/www.instagram.com\/scrittorone\/","https:\/\/x.com\/https:\/\/twitter.com\/scrittorone"],"url":"https:\/\/www.fabrizioaltieri.it\/wordpress\/author\/fabcyr79\/"}]}},"_links":{"self":[{"href":"https:\/\/www.fabrizioaltieri.it\/wordpress\/wp-json\/wp\/v2\/pages\/452120","targetHints":{"allow":["GET"]}}],"collection":[{"href":"https:\/\/www.fabrizioaltieri.it\/wordpress\/wp-json\/wp\/v2\/pages"}],"about":[{"href":"https:\/\/www.fabrizioaltieri.it\/wordpress\/wp-json\/wp\/v2\/types\/page"}],"author":[{"embeddable":true,"href":"https:\/\/www.fabrizioaltieri.it\/wordpress\/wp-json\/wp\/v2\/users\/1"}],"replies":[{"embeddable":true,"href":"https:\/\/www.fabrizioaltieri.it\/wordpress\/wp-json\/wp\/v2\/comments?post=452120"}],"version-history":[{"count":0,"href":"https:\/\/www.fabrizioaltieri.it\/wordpress\/wp-json\/wp\/v2\/pages\/452120\/revisions"}],"wp:attachment":[{"href":"https:\/\/www.fabrizioaltieri.it\/wordpress\/wp-json\/wp\/v2\/media?parent=452120"}],"curies":[{"name":"wp","href":"https:\/\/api.w.org\/{rel}","templated":true}]}}