{"id":5950,"date":"2015-12-11T07:31:14","date_gmt":"2015-12-11T06:31:14","guid":{"rendered":"http:\/\/www.fabrizioaltieri.it\/wordpress\/?page_id=5950"},"modified":"2024-09-11T09:15:35","modified_gmt":"2024-09-11T07:15:35","slug":"libriamoci","status":"publish","type":"page","link":"https:\/\/www.fabrizioaltieri.it\/wordpress\/libriamoci\/","title":{"rendered":"Libriamoci 2021"},"content":{"rendered":"<div class='ai-viewports ai-viewport-3 ai-insert-55-57052344' style='margin: 8px auto; text-align: center; display: block; clear: both;' data-insertion-position='prepend' data-selector='.ai-insert-55-57052344' data-insertion-no-dbg data-code='PGRpdiBjbGFzcz0nY29kZS1ibG9jayBjb2RlLWJsb2NrLTU1IGNvZGUtYmxvY2stcHJpbWEtZGVsLWNvbnRlbnV0by1maXNzbyBhaS10cmFjaycgZGF0YS1haT0nV3pVMUxDSWlMQ0p3Y21sdFlTQmtaV3dnWTI5dWRHVnVkWFJ2SUdacGMzTnZJaXdpSWl3eFhRPT0nIHN0eWxlPSdtYXJnaW46IDhweCBhdXRvOyB0ZXh0LWFsaWduOiBjZW50ZXI7IGRpc3BsYXk6IGJsb2NrOyBjbGVhcjogYm90aDsnPgoKPGRpdiBjbGFzcz0nYWktcm90YXRlIGFpLXVucHJvY2Vzc2VkIGFpLXJvdGF0ZS01NS01NjkyODI0NicgZGF0YS1zaGFyZXM9J1d5MHhMRFUxTERFd01GMD0nIHN0eWxlPSdwb3NpdGlvbjogcmVsYXRpdmU7Jz4KPGRpdiBjbGFzcz0iYWktcm90YXRlLW9wdGlvbiIgZGF0YS1pbmRleD0iMSIgZGF0YS1uYW1lPSJRUT09IiBkYXRhLWNvZGU9IkNnbzhjMk55YVhCMElHRnplVzVqSUhOeVl6MGlhSFIwY0hNNkx5OXdZV2RsWVdReUxtZHZiMmRzWlhONWJtUnBZMkYwYVc5dUxtTnZiUzl3WVdkbFlXUXZhbk12WVdSellubG5iMjluYkdVdWFuTS9ZMnhwWlc1MFBXTmhMWEIxWWkwMk16Y3pOVFU0TVRBeE1UYzNPRFkxSWdvZ0lDQWdJR055YjNOemIzSnBaMmx1UFNKaGJtOXVlVzF2ZFhNaVBqd3ZjMk55YVhCMFBnbzhJUzB0SUhCeWFXMWhJR1JsYkd3bllYSjBhV052Ykc4Z2MyMWhjblJ3YUc5dVpTQXlNREkxSUMwdFBnbzhhVzV6SUdOc1lYTnpQU0poWkhOaWVXZHZiMmRzWlNJS0lDQWdJQ0J6ZEhsc1pUMGlaR2x6Y0d4aGVUcGliRzlqYXlJS0lDQWdJQ0JrWVhSaExXRmtMV05zYVdWdWREMGlZMkV0Y0hWaUxUWXpOek0xTlRneE1ERXhOemM0TmpVaUNpQWdJQ0FnWkdGMFlTMWhaQzF6Ykc5MFBTSXhNalk1TnpVeE16QXlJZ29nSUNBZ0lHUmhkR0V0WVdRdFptOXliV0YwUFNKaGRYUnZJZ29nSUNBZ0lHUmhkR0V0Wm5Wc2JDMTNhV1IwYUMxeVpYTndiMjV6YVhabFBTSjBjblZsSWo0OEwybHVjejRLUEhOamNtbHdkRDRLSUNBZ0lDQW9ZV1J6WW5sbmIyOW5iR1VnUFNCM2FXNWtiM2N1WVdSellubG5iMjluYkdVZ2ZId2dXMTBwTG5CMWMyZ29lMzBwT3dvOEwzTmpjbWx3ZEQ0S0NqeHdJSE4wZVd4bFBTSjBaWGgwTFdGc2FXZHVPaUJqWlc1MFpYSTdJajQ4WVNCb2NtVm1QU0pvZEhSd2N6b3ZMM2QzZHk1bVlXSnlhWHBwYjJGc2RHbGxjbWt1YVhRdmQyOXlaSEJ5WlhOekwybHVZMjl1ZEhKdkxXTnZiaTFzWVhWMGIzSmxMeUkrUEdsdFp5QmpiR0Z6Y3owaVlXeHBaMjV1YjI1bElIZHdMV2x0WVdkbExUUXdNVEk0TnlBaUlITnlZejBpYUhSMGNITTZMeTkzZDNjdVptRmljbWw2YVc5aGJIUnBaWEpwTG1sMEwzZHZjbVJ3Y21WemN5OTNjQzFqYjI1MFpXNTBMM1Z3Ykc5aFpITXZNakF5TXk4eE1pOXpZM0pwZEhSdmNtOXVaUzFsTVRjeU9UTXlOekUxTVRFME5DMHpNREI0TXpBd0xtcHdaeUlnWVd4MFBTSlRZM0pwZEhSdmNtOXVaU0lnZDJsa2RHZzlJamt3SWlCb1pXbG5hSFE5SWprd0lpQXZQand2WVQ0OEwzQStDZ284YURNZ2MzUjViR1U5SW5SbGVIUXRZV3hwWjI0NklHTmxiblJsY2pzaVBqeHpkSEp2Ym1jK1ZuVnZhU0JwYm1OdmJuUnlZWEp0YVNCdVpXeHNZU0IwZFdFZ2MyTjFiMnhoUHlBOFlTQm9jbVZtUFNKb2RIUndjem92TDNkM2R5NW1ZV0p5YVhwcGIyRnNkR2xsY21rdWFYUXZkMjl5WkhCeVpYTnpMMmx1WTI5dWRISnZMV052Ymkxc1lYVjBiM0psTHlJK1EyeHBZMk5oSUhGMWFTQThMMkUrUEM5emRISnZibWMrUEM5b016NEtDZ29LQ2c9PSI+CjwvZGl2Pgo8ZGl2IGNsYXNzPSJhaS1yb3RhdGUtb3B0aW9uIiBkYXRhLWluZGV4PSIyIiBkYXRhLW5hbWU9IlFnPT0iIGRhdGEtY29kZT0iQ2p4elkzSnBjSFFnWVhONWJtTWdjM0pqUFNKb2RIUndjem92TDNCaFoyVmhaREl1WjI5dloyeGxjM2x1WkdsallYUnBiMjR1WTI5dEwzQmhaMlZoWkM5cWN5OWhaSE5pZVdkdmIyZHNaUzVxY3o5amJHbGxiblE5WTJFdGNIVmlMVFl6TnpNMU5UZ3hNREV4TnpjNE5qVWlDaUFnSUNBZ1kzSnZjM052Y21sbmFXNDlJbUZ1YjI1NWJXOTFjeUkrUEM5elkzSnBjSFErQ2p3aExTMGdjSEpwYldFZ1pHVnNiQ2RoY25ScFkyOXNieUJ6YldGeWRIQm9iMjVsSURJd01qVWdMUzArQ2p4cGJuTWdZMnhoYzNNOUltRmtjMko1WjI5dloyeGxJZ29nSUNBZ0lITjBlV3hsUFNKa2FYTndiR0Y1T21Kc2IyTnJJZ29nSUNBZ0lHUmhkR0V0WVdRdFkyeHBaVzUwUFNKallTMXdkV0l0TmpNM016VTFPREV3TVRFM056ZzJOU0lLSUNBZ0lDQmtZWFJoTFdGa0xYTnNiM1E5SWpFeU5qazNOVEV6TURJaUNpQWdJQ0FnWkdGMFlTMWhaQzFtYjNKdFlYUTlJbUYxZEc4aUNpQWdJQ0FnWkdGMFlTMW1kV3hzTFhkcFpIUm9MWEpsYzNCdmJuTnBkbVU5SW5SeWRXVWlQand2YVc1elBnbzhjMk55YVhCMFBnb2dJQ0FnSUNoaFpITmllV2R2YjJkc1pTQTlJSGRwYm1SdmR5NWhaSE5pZVdkdmIyZHNaU0I4ZkNCYlhTa3VjSFZ6YUNoN2ZTazdDand2YzJOeWFYQjBQZ29LUEhBZ2MzUjViR1U5SW5SbGVIUXRZV3hwWjI0NklHTmxiblJsY2pzaVBqeHpkSEp2Ym1jK1BHRWdhSEpsWmowaWFIUjBjSE02THk5M2QzY3VabUZpY21sNmFXOWhiSFJwWlhKcExtbDBMM2R2Y21Sd2NtVnpjeTlrYjNkdWJHOWhaQzh5TlRBNE1TOC9kRzF6ZEhZOU1UYzBPVEk0Tnpjek1TSStQR2x0WnlCamJHRnpjejBpWVd4cFoyNXViMjVsSUhkd0xXbHRZV2RsTFRRNE1qRWdjMmw2WlMxbWRXeHNJaUIwYVhSc1pUMGljR1JtSUhOamFHVmtaU0JrWldrZ2JXbGxhU0JzYVdKeWFTSWdjM0pqUFNKb2RIUndjem92TDNkM2R5NW1ZV0p5YVhwcGIyRnNkR2xsY21rdWFYUXZkMjl5WkhCeVpYTnpMM2R3TFdOdmJuUmxiblF2ZFhCc2IyRmtjeTh5TURFMUx6QTRMM0JrWm1samIyNHRaVEUxTmpRd05qWXhPVFEwTnpZdWNHNW5JaUJoYkhROUluQmtaaUJ6WTJobFpHVWdaR1ZwSUcxcFpXa2diR2xpY21raUlIZHBaSFJvUFNJMk1DSWdhR1ZwWjJoMFBTSTJNQ0lnTHo0OEwyRStVMk5oY21sallTQnNaU0J6WTJobFpHVWdaR1ZwSUcxcFpXa2diR2xpY21rOEwzTjBjbTl1Wno0Z1BHRWdhSEpsWmowaWFIUjBjSE02THk5M2QzY3VabUZpY21sNmFXOWhiSFJwWlhKcExtbDBMM2R2Y21Sd2NtVnpjeTlrYjNkdWJHOWhaQzh5TlRBNE1TOC9kRzF6ZEhZOU1UYzBPVEk0Tnpjek1TSWdkR0Z5WjJWMFBTSmZZbXhoYm1zaUlISmxiRDBpYm05dmNHVnVaWElpUGp4emRISnZibWMrUTB4SlEwTkJJRkZWU1R3dmMzUnliMjVuUGp3dllUNDhMM0ErQ2dvS0Nnb0tDZz09Ij4KPC9kaXY+CjxkaXYgY2xhc3M9ImFpLXJvdGF0ZS1vcHRpb24iIGRhdGEtaW5kZXg9IjMiIGRhdGEtbmFtZT0iUXc9PSIgZGF0YS1jb2RlPSJDZ29LUEhOamNtbHdkQ0JoYzNsdVl5QnpjbU05SW1oMGRIQnpPaTh2Y0dGblpXRmtNaTVuYjI5bmJHVnplVzVrYVdOaGRHbHZiaTVqYjIwdmNHRm5aV0ZrTDJwekwyRmtjMko1WjI5dloyeGxMbXB6UDJOc2FXVnVkRDFqWVMxd2RXSXROak0zTXpVMU9ERXdNVEUzTnpnMk5TSUtJQ0FnSUNCamNtOXpjMjl5YVdkcGJqMGlZVzV2Ym5sdGIzVnpJajQ4TDNOamNtbHdkRDRLUENFdExTQndjbWx0WVNCa1pXeHNKMkZ5ZEdsamIyeHZJSE50WVhKMGNHaHZibVVnTWpBeU5TQXRMVDRLUEdsdWN5QmpiR0Z6Y3owaVlXUnpZbmxuYjI5bmJHVWlDaUFnSUNBZ2MzUjViR1U5SW1ScGMzQnNZWGs2WW14dlkyc2lDaUFnSUNBZ1pHRjBZUzFoWkMxamJHbGxiblE5SW1OaExYQjFZaTAyTXpjek5UVTRNVEF4TVRjM09EWTFJZ29nSUNBZ0lHUmhkR0V0WVdRdGMyeHZkRDBpTVRJMk9UYzFNVE13TWlJS0lDQWdJQ0JrWVhSaExXRmtMV1p2Y20xaGREMGlZWFYwYnlJS0lDQWdJQ0JrWVhSaExXWjFiR3d0ZDJsa2RHZ3RjbVZ6Y0c5dWMybDJaVDBpZEhKMVpTSStQQzlwYm5NK0NqeHpZM0pwY0hRK0NpQWdJQ0FnS0dGa2MySjVaMjl2WjJ4bElEMGdkMmx1Wkc5M0xtRmtjMko1WjI5dloyeGxJSHg4SUZ0ZEtTNXdkWE5vS0h0OUtUc0tQQzl6WTNKcGNIUStDZ284Y0NCemRIbHNaVDBpZEdWNGRDMWhiR2xuYmpvZ1kyVnVkR1Z5T3lJZ1pHRjBZUzEzY0MxbFpHbDBhVzVuUFNJeElqNDhjM1J5YjI1blBqeGhJR2h5WldZOUltaDBkSEJ6T2k4dmQzZDNMbVpoWW5KcGVtbHZZV3gwYVdWeWFTNXBkQzkzYjNKa2NISmxjM012Wkc5M2JteHZZV1F2TVRFeU16Z3ZQM1J0YzNSMlBURTNORGswT0RZd056Y2lQanhwYldjZ1kyeGhjM005SW1Gc2FXZHVibTl1WlNCM2NDMXBiV0ZuWlMwME9ESXhJSE5wZW1VdFpuVnNiQ0lnZEdsMGJHVTlJbkJrWmlCelkyaGxaR1VnWkdWcElHMXBaV2tnYkdsaWNta2dNV0VnWlNBeVlTQmxiR1Z0Wlc1MFlYSmxJaUJ6Y21NOUltaDBkSEJ6T2k4dmQzZDNMbVpoWW5KcGVtbHZZV3gwYVdWeWFTNXBkQzkzYjNKa2NISmxjM012ZDNBdFkyOXVkR1Z1ZEM5MWNHeHZZV1J6THpJd01UVXZNRGd2Y0dSbWFXTnZiaTFsTVRVMk5EQTJOakU1TkRRM05pNXdibWNpSUdGc2REMGljR1JtSUhOamFHVmtaU0JrWldrZ2JXbGxhU0JzYVdKeWFTQXhZU0JsSURKaElHVnNaVzFsYm5SaGNtVWlJSGRwWkhSb1BTSTJNQ0lnYUdWcFoyaDBQU0kyTUNJZ0x6NDhMMkUrVTJOaGNtbGpZU0JzWlNCelkyaGxaR1VnWkdWcElHMXBaV2tnYkdsaWNta2djR1Z5SURGaElHVWdNbUVnWld4bGJXVnVkR0Z5WlR3dmMzUnliMjVuUGlBOFlTQm9jbVZtUFNKb2RIUndjem92TDNkM2R5NW1ZV0p5YVhwcGIyRnNkR2xsY21rdWFYUXZkMjl5WkhCeVpYTnpMMlJ2ZDI1c2IyRmtMekV4TWpNNEx6OTBiWE4wZGoweE56UTVORGcyTURjM0lpQjBZWEpuWlhROUlsOWliR0Z1YXlJZ2NtVnNQU0p1YjI5d1pXNWxjaUkrUEhOMGNtOXVaejVEVEVsRFEwRWdVVlZKUEM5emRISnZibWMrUEM5aFBqd3ZjRDRLQ2dvPSI+CjwvZGl2Pgo8L2Rpdj4KPHNjcmlwdD5pZiAodHlwZW9mIGFpX2pzX2NvZGUgPT0gJ2Jvb2xlYW4nKSB7dmFyIGFpX2Jsb2NrX2RpdiA9IGRvY3VtZW50LnF1ZXJ5U2VsZWN0b3IgKCcuYWktcm90YXRlLTU1LTU2OTI4MjQ2Jyk7IGFpX3Byb2Nlc3Nfcm90YXRpb24gKGFpX2Jsb2NrX2Rpdik7IGFpX2Jsb2NrX2Rpdi5jbGFzc0xpc3QucmVtb3ZlICgnYWktcm90YXRlLTU1LTU2OTI4MjQ2Jyk7fTs8L3NjcmlwdD4KPC9kaXY+Cg==' data-block='55'><\/div>\n<script>\n  ai_run_421210946081 = function(){ai_insert_viewport_code ('ai-insert-55-57052344');};\n  if (document.readyState === 'complete' || (document.readyState !== 'loading' && !document.documentElement.doScroll)) ai_run_421210946081 (); else document.addEventListener ('DOMContentLoaded', ai_run_421210946081);\n<\/script>\n<p>Libriamoci 2021.<\/p>\n<p><img loading=\"lazy\" decoding=\"async\" class=\"alignleft\" src=\"http:\/\/www.fabrizioaltieri.it\/wordpress\/wp-content\/uploads\/2015\/11\/LIBRIAMOCI_LOGO.jpg\" alt=\"libriamoci\" width=\"129\" height=\"86\" \/>Libriamoci, Giornate di lettura nelle scuole, organizzate dal Presidente AIE Ricardo Franco Levi e dal Presidente del Centro per il Libro e la Lettura Marino Sinibaldi \u00e8 una manifestazione ormai famosa che si svolge ogni anno nelle scuole italiane di ogni ordine e grado. \u00a0Si tratta di leggere ad alta voce ai ragazzi brani tratti da libri di ogni genere. La cosa pi\u00f9 bella \u00e8 che spesso anche gli scrittori stessi vengono invitati a leggere pagine dei loro libri. Questo invito agli autori \u00e8 importantissimo per far comprendere ai ragazzi che la scrittura non \u00e8 qualcosa di statico di morto, un dovere noioso ma qualcosa di vivo e perfino gli scrittori sono vivi. Anch&#8217;io quest&#8217;anno, in quanto scrittore vivo, parteciper\u00f2 grazie all&#8217;invito dell&#8217;Istituto Comprensivo 1 Porto Torres (Sassari).<\/p>\n<p>Nell&#8217;ambito dei temoi trattati dalle docenti e in particolare quello della memoria e il periodo storico tra le due Guerre, legger\u00f2 e commenter\u00f2 con i ragazzi alcuni brani del mio &#8216;Volevo solo dipingere i girasoli&#8217; (Il <a href=\"https:\/\/www.fabrizioaltieri.it\/wordpress\/tutti-i-miei-libri-per-ragazzi\/battello-a-vapore\/\">Battello a Vapore<\/a>).<\/p>\n<p style=\"text-align: center;\"><a class=\"maxbutton-8 maxbutton maxbutton-chi-sono\" href=\"https:\/\/www.fabrizioaltieri.it\/wordpress\/chi-sono\/\"><span class='mb-text'>Chi sono<\/span><\/a><\/p>\n<p>Libriamoci 2021.<\/p>\n<p>In passato avevo gi\u00e0 partecipato a Libriamoci grazie alle professoresse delle\u00a0 ScuoleViani di Viareggio incontrando i ragazzi delle <a href=\"https:\/\/www.fabrizioaltieri.it\/wordpress\/materiali-per-la-scuola-primaria-schede-suddivise-per-classi\/\">classi<\/a> prime e seconde. In quel caso lessiai ragazzi alcune pagine di <strong>&#8220;<a href=\"http:\/\/www.fabrizioaltieri.it\/wordpress\/tutti-i-miei-libri-per-ragazzi\/einaudi-ragazzi\/libri-per-ragazzi-di-12-anni\/\">Come sopravvissi alla prima media<\/a>&#8221; (<a href=\"http:\/\/www.edizioniel.com\/DB\/scheda.asp?idl=4176\">Einaudi Ragazzi<\/a>) <\/strong>discutendone con loro e con le professoresse.<\/p>\n<p>Ne sono nate domande interessanti e un dialogo con i ragazzi e le docenti che mi ha arricchito come uomo e come scrittore.<\/p>\n<p>Il libro, uscito a luglio 2015, tratta con ironia e spesso con toni umoristici ma anche commoventi, i temi dell&#8217;amicizia, del disagio e dell&#8217;esclusione. Ecco un breve accenno alla trama. In prima <a href=\"https:\/\/www.fabrizioaltieri.it\/wordpress\/schede-didattiche-scuola-media-3\/\">media<\/a> si pu\u00f2 diventare amici contemporaneamente di Torsolo, il ragazzino pi\u00f9 disprezzato dalla classe e di Dugongo, il bullo pi\u00f9 maldestro che si sia mai visto?\u00a0E se il padre di Torsolo viene messo in galera,\u00a0come potranno aiutarlo i suoi nuovi amici?\u00a0E come reagiscono i ragazzini quando scoprono l\u2019esistenza di persone che soffrono o che vivono ai margini? Quando il padre di Torsolo viene messo in galera i tre amici partiranno per un viaggio con delle vecchie bici da cross e scopriranno personaggi che mai avrebbero immaginato esistere. Al ritorno ci saranno alcuni conti da regolare, ancora tutti e tre insieme con l&#8217;aiuto di\u00a0Lazzarocalamita, il cane trovato durante l&#8217;avventuroso viaggio. Vuoi sapere di pi\u00f9 sui miei libri <a href=\"https:\/\/www.fabrizioaltieri.it\/wordpress\/libri-bambini-6-anni\/\">per bambini<\/a> e ragazzi dai 5 ai 14 anni pubblicati con il Battello a Vapore ed <a href=\"https:\/\/www.fabrizioaltieri.it\/wordpress\/tutti-i-miei-libri-per-ragazzi\/einaudi-ragazzi\/come-sopravvissi-alla-prima-media\/\">Einaudi<\/a> Ragazzi? Clicca il pulsante sotto.<\/p>\n<p style=\"text-align: center;\"><a class=\"maxbutton-10 maxbutton maxbutton-i-miei-libri\" href=\"https:\/\/www.fabrizioaltieri.it\/wordpress\/tutti-i-miei-libri\/\"><span class='mb-text'>I miei libri<\/span><\/a><\/p>\n<p>Libriamoci 2021<\/p>\n<p>Libriamoci 2020<\/p>\n<script>if (typeof ai_install_close_buttons == \"function\") {ai_install_close_buttons (document);}<\/script><!-- CONTENT END 1 -->\n","protected":false},"excerpt":{"rendered":"<p>Libriamoci 2021. Libriamoci, Giornate di lettura nelle scuole, organizzate dal Presidente AIE Ricardo Franco Levi e dal Presidente del Centro per il Libro e la Lettura Marino Sinibaldi \u00e8 una manifestazione ormai famosa che si svolge ogni anno nelle scuole italiane di ogni ordine e grado. \u00a0Si tratta di leggere ad alta voce ai ragazzi [&hellip;]<\/p>\n","protected":false},"author":1,"featured_media":0,"parent":0,"menu_order":0,"comment_status":"closed","ping_status":"closed","template":"page-with-sidebar","meta":{"footnotes":""},"class_list":["post-5950","page","type-page","status-publish","hentry"],"yoast_head":"<!-- This site is optimized with the Yoast SEO plugin v27.3 - https:\/\/yoast.com\/product\/yoast-seo-wordpress\/ -->\n<title>Libriamoci 2021 - Quando legge chi ha scritto il libro<\/title>\n<meta name=\"description\" content=\"A Libriamoci 2021 docenti e i ragazzi leggono a voce alta brani di libri scelti da loro stessi. E se a sorpresa li legge chi li ha scritti?\" \/>\n<meta name=\"robots\" content=\"index, follow, max-snippet:-1, max-image-preview:large, max-video-preview:-1\" \/>\n<link rel=\"canonical\" href=\"https:\/\/www.fabrizioaltieri.it\/wordpress\/libriamoci\/\" \/>\n<meta property=\"og:locale\" content=\"it_IT\" \/>\n<meta property=\"og:type\" content=\"article\" \/>\n<meta property=\"og:title\" content=\"Libriamoci 2021 - Quando legge chi ha scritto il libro\" \/>\n<meta property=\"og:description\" content=\"A Libriamoci 2021 docenti e i ragazzi leggono a voce alta brani di libri scelti da loro stessi. E se a sorpresa li legge chi li ha scritti?\" \/>\n<meta property=\"og:url\" content=\"https:\/\/www.fabrizioaltieri.it\/wordpress\/libriamoci\/\" \/>\n<meta property=\"og:site_name\" content=\"Fabrizio Altieri\" \/>\n<meta property=\"article:publisher\" content=\"https:\/\/www.facebook.com\/fabrizio.altieri\" \/>\n<meta property=\"article:modified_time\" content=\"2024-09-11T07:15:35+00:00\" \/>\n<meta property=\"og:image\" content=\"http:\/\/www.fabrizioaltieri.it\/wordpress\/wp-content\/uploads\/2015\/11\/LIBRIAMOCI_LOGO.jpg\" \/>\n<meta name=\"twitter:card\" content=\"summary_large_image\" \/>\n<meta name=\"twitter:site\" content=\"@scrittorone\" \/>\n<meta name=\"twitter:label1\" content=\"Tempo di lettura stimato\" \/>\n\t<meta name=\"twitter:data1\" content=\"3 minuti\" \/>\n<script type=\"application\/ld+json\" class=\"yoast-schema-graph\">{\"@context\":\"https:\\\/\\\/schema.org\",\"@graph\":[{\"@type\":[\"Article\",\"BlogPosting\"],\"@id\":\"https:\\\/\\\/www.fabrizioaltieri.it\\\/wordpress\\\/libriamoci\\\/#article\",\"isPartOf\":{\"@id\":\"https:\\\/\\\/www.fabrizioaltieri.it\\\/wordpress\\\/libriamoci\\\/\"},\"author\":{\"name\":\"Fabrizio\",\"@id\":\"https:\\\/\\\/www.fabrizioaltieri.it\\\/wordpress\\\/#\\\/schema\\\/person\\\/b9b57fbf444bfcc1f1861e5b25d24b41\"},\"headline\":\"Libriamoci 2021\",\"datePublished\":\"2015-12-11T06:31:14+00:00\",\"dateModified\":\"2024-09-11T07:15:35+00:00\",\"mainEntityOfPage\":{\"@id\":\"https:\\\/\\\/www.fabrizioaltieri.it\\\/wordpress\\\/libriamoci\\\/\"},\"wordCount\":410,\"publisher\":{\"@id\":\"https:\\\/\\\/www.fabrizioaltieri.it\\\/wordpress\\\/#\\\/schema\\\/person\\\/b9b57fbf444bfcc1f1861e5b25d24b41\"},\"image\":{\"@id\":\"https:\\\/\\\/www.fabrizioaltieri.it\\\/wordpress\\\/libriamoci\\\/#primaryimage\"},\"thumbnailUrl\":\"http:\\\/\\\/www.fabrizioaltieri.it\\\/wordpress\\\/wp-content\\\/uploads\\\/2015\\\/11\\\/LIBRIAMOCI_LOGO.jpg\",\"keywords\":[\"Battello a Vapore\",\"Libri per ragazzi\",\"libri per ragazzi 12 anni\",\"Scuola elementare\"],\"inLanguage\":\"it-IT\"},{\"@type\":\"WebPage\",\"@id\":\"https:\\\/\\\/www.fabrizioaltieri.it\\\/wordpress\\\/libriamoci\\\/\",\"url\":\"https:\\\/\\\/www.fabrizioaltieri.it\\\/wordpress\\\/libriamoci\\\/\",\"name\":\"Libriamoci 2021 - Quando legge chi ha scritto il libro\",\"isPartOf\":{\"@id\":\"https:\\\/\\\/www.fabrizioaltieri.it\\\/wordpress\\\/#website\"},\"primaryImageOfPage\":{\"@id\":\"https:\\\/\\\/www.fabrizioaltieri.it\\\/wordpress\\\/libriamoci\\\/#primaryimage\"},\"image\":{\"@id\":\"https:\\\/\\\/www.fabrizioaltieri.it\\\/wordpress\\\/libriamoci\\\/#primaryimage\"},\"thumbnailUrl\":\"http:\\\/\\\/www.fabrizioaltieri.it\\\/wordpress\\\/wp-content\\\/uploads\\\/2015\\\/11\\\/LIBRIAMOCI_LOGO.jpg\",\"datePublished\":\"2015-12-11T06:31:14+00:00\",\"dateModified\":\"2024-09-11T07:15:35+00:00\",\"description\":\"A Libriamoci 2021 docenti e i ragazzi leggono a voce alta brani di libri scelti da loro stessi. E se a sorpresa li legge chi li ha scritti?\",\"breadcrumb\":{\"@id\":\"https:\\\/\\\/www.fabrizioaltieri.it\\\/wordpress\\\/libriamoci\\\/#breadcrumb\"},\"inLanguage\":\"it-IT\",\"potentialAction\":[{\"@type\":\"ReadAction\",\"target\":[\"https:\\\/\\\/www.fabrizioaltieri.it\\\/wordpress\\\/libriamoci\\\/\"]}]},{\"@type\":\"ImageObject\",\"inLanguage\":\"it-IT\",\"@id\":\"https:\\\/\\\/www.fabrizioaltieri.it\\\/wordpress\\\/libriamoci\\\/#primaryimage\",\"url\":\"https:\\\/\\\/www.fabrizioaltieri.it\\\/wordpress\\\/wp-content\\\/uploads\\\/2015\\\/11\\\/LIBRIAMOCI_LOGO.jpg\",\"contentUrl\":\"https:\\\/\\\/www.fabrizioaltieri.it\\\/wordpress\\\/wp-content\\\/uploads\\\/2015\\\/11\\\/LIBRIAMOCI_LOGO.jpg\",\"width\":680,\"height\":452,\"caption\":\"libriamoci\"},{\"@type\":\"BreadcrumbList\",\"@id\":\"https:\\\/\\\/www.fabrizioaltieri.it\\\/wordpress\\\/libriamoci\\\/#breadcrumb\",\"itemListElement\":[{\"@type\":\"ListItem\",\"position\":1,\"name\":\"Home\",\"item\":\"https:\\\/\\\/www.fabrizioaltieri.it\\\/wordpress\\\/\"},{\"@type\":\"ListItem\",\"position\":2,\"name\":\"Battello a Vapore\",\"item\":\"https:\\\/\\\/www.fabrizioaltieri.it\\\/wordpress\\\/tag\\\/battello-a-vapore\\\/\"},{\"@type\":\"ListItem\",\"position\":3,\"name\":\"Libriamoci 2021\"}]},{\"@type\":\"WebSite\",\"@id\":\"https:\\\/\\\/www.fabrizioaltieri.it\\\/wordpress\\\/#website\",\"url\":\"https:\\\/\\\/www.fabrizioaltieri.it\\\/wordpress\\\/\",\"name\":\"Fabrizio Altieri\",\"description\":\"Scrittore e insegnante\",\"publisher\":{\"@id\":\"https:\\\/\\\/www.fabrizioaltieri.it\\\/wordpress\\\/#\\\/schema\\\/person\\\/b9b57fbf444bfcc1f1861e5b25d24b41\"},\"alternateName\":\"Schede didattiche e libri per ragazzi\",\"potentialAction\":[{\"@type\":\"SearchAction\",\"target\":{\"@type\":\"EntryPoint\",\"urlTemplate\":\"https:\\\/\\\/www.fabrizioaltieri.it\\\/wordpress\\\/?s={search_term_string}\"},\"query-input\":{\"@type\":\"PropertyValueSpecification\",\"valueRequired\":true,\"valueName\":\"search_term_string\"}}],\"inLanguage\":\"it-IT\"},{\"@type\":[\"Person\",\"Organization\"],\"@id\":\"https:\\\/\\\/www.fabrizioaltieri.it\\\/wordpress\\\/#\\\/schema\\\/person\\\/b9b57fbf444bfcc1f1861e5b25d24b41\",\"name\":\"Fabrizio\",\"image\":{\"@type\":\"ImageObject\",\"inLanguage\":\"it-IT\",\"@id\":\"https:\\\/\\\/www.fabrizioaltieri.it\\\/wordpress\\\/wp-content\\\/uploads\\\/2023\\\/12\\\/scrittorone-e1729327151144.jpg\",\"url\":\"https:\\\/\\\/www.fabrizioaltieri.it\\\/wordpress\\\/wp-content\\\/uploads\\\/2023\\\/12\\\/scrittorone-e1729327151144.jpg\",\"contentUrl\":\"https:\\\/\\\/www.fabrizioaltieri.it\\\/wordpress\\\/wp-content\\\/uploads\\\/2023\\\/12\\\/scrittorone-e1729327151144.jpg\",\"width\":320,\"height\":320,\"caption\":\"Fabrizio\"},\"logo\":{\"@id\":\"https:\\\/\\\/www.fabrizioaltieri.it\\\/wordpress\\\/wp-content\\\/uploads\\\/2023\\\/12\\\/scrittorone-e1729327151144.jpg\"},\"description\":\"Fabrizio Altieri, pisano, \u00e8 insegnante e scrive libri per ragazzi e per grandi. Ha pubblicato con le pi\u00f9 importanti case editrici tra le quali Mondadori, Feltrinelli, Rizzoli e Il Battello a Vapore\",\"sameAs\":[\"https:\\\/\\\/www.facebook.com\\\/fabrizio.altieri\",\"https:\\\/\\\/www.instagram.com\\\/scrittorone\\\/\",\"https:\\\/\\\/x.com\\\/https:\\\/\\\/twitter.com\\\/scrittorone\"],\"url\":\"https:\\\/\\\/www.fabrizioaltieri.it\\\/wordpress\\\/author\\\/fabcyr79\\\/\"}]}<\/script>\n<!-- \/ Yoast SEO plugin. -->","yoast_head_json":{"title":"Libriamoci 2021 - Quando legge chi ha scritto il libro","description":"A Libriamoci 2021 docenti e i ragazzi leggono a voce alta brani di libri scelti da loro stessi. E se a sorpresa li legge chi li ha scritti?","robots":{"index":"index","follow":"follow","max-snippet":"max-snippet:-1","max-image-preview":"max-image-preview:large","max-video-preview":"max-video-preview:-1"},"canonical":"https:\/\/www.fabrizioaltieri.it\/wordpress\/libriamoci\/","og_locale":"it_IT","og_type":"article","og_title":"Libriamoci 2021 - Quando legge chi ha scritto il libro","og_description":"A Libriamoci 2021 docenti e i ragazzi leggono a voce alta brani di libri scelti da loro stessi. E se a sorpresa li legge chi li ha scritti?","og_url":"https:\/\/www.fabrizioaltieri.it\/wordpress\/libriamoci\/","og_site_name":"Fabrizio Altieri","article_publisher":"https:\/\/www.facebook.com\/fabrizio.altieri","article_modified_time":"2024-09-11T07:15:35+00:00","og_image":[{"url":"http:\/\/www.fabrizioaltieri.it\/wordpress\/wp-content\/uploads\/2015\/11\/LIBRIAMOCI_LOGO.jpg","type":"","width":"","height":""}],"twitter_card":"summary_large_image","twitter_site":"@scrittorone","twitter_misc":{"Tempo di lettura stimato":"3 minuti"},"schema":{"@context":"https:\/\/schema.org","@graph":[{"@type":["Article","BlogPosting"],"@id":"https:\/\/www.fabrizioaltieri.it\/wordpress\/libriamoci\/#article","isPartOf":{"@id":"https:\/\/www.fabrizioaltieri.it\/wordpress\/libriamoci\/"},"author":{"name":"Fabrizio","@id":"https:\/\/www.fabrizioaltieri.it\/wordpress\/#\/schema\/person\/b9b57fbf444bfcc1f1861e5b25d24b41"},"headline":"Libriamoci 2021","datePublished":"2015-12-11T06:31:14+00:00","dateModified":"2024-09-11T07:15:35+00:00","mainEntityOfPage":{"@id":"https:\/\/www.fabrizioaltieri.it\/wordpress\/libriamoci\/"},"wordCount":410,"publisher":{"@id":"https:\/\/www.fabrizioaltieri.it\/wordpress\/#\/schema\/person\/b9b57fbf444bfcc1f1861e5b25d24b41"},"image":{"@id":"https:\/\/www.fabrizioaltieri.it\/wordpress\/libriamoci\/#primaryimage"},"thumbnailUrl":"http:\/\/www.fabrizioaltieri.it\/wordpress\/wp-content\/uploads\/2015\/11\/LIBRIAMOCI_LOGO.jpg","keywords":["Battello a Vapore","Libri per ragazzi","libri per ragazzi 12 anni","Scuola elementare"],"inLanguage":"it-IT"},{"@type":"WebPage","@id":"https:\/\/www.fabrizioaltieri.it\/wordpress\/libriamoci\/","url":"https:\/\/www.fabrizioaltieri.it\/wordpress\/libriamoci\/","name":"Libriamoci 2021 - Quando legge chi ha scritto il libro","isPartOf":{"@id":"https:\/\/www.fabrizioaltieri.it\/wordpress\/#website"},"primaryImageOfPage":{"@id":"https:\/\/www.fabrizioaltieri.it\/wordpress\/libriamoci\/#primaryimage"},"image":{"@id":"https:\/\/www.fabrizioaltieri.it\/wordpress\/libriamoci\/#primaryimage"},"thumbnailUrl":"http:\/\/www.fabrizioaltieri.it\/wordpress\/wp-content\/uploads\/2015\/11\/LIBRIAMOCI_LOGO.jpg","datePublished":"2015-12-11T06:31:14+00:00","dateModified":"2024-09-11T07:15:35+00:00","description":"A Libriamoci 2021 docenti e i ragazzi leggono a voce alta brani di libri scelti da loro stessi. E se a sorpresa li legge chi li ha scritti?","breadcrumb":{"@id":"https:\/\/www.fabrizioaltieri.it\/wordpress\/libriamoci\/#breadcrumb"},"inLanguage":"it-IT","potentialAction":[{"@type":"ReadAction","target":["https:\/\/www.fabrizioaltieri.it\/wordpress\/libriamoci\/"]}]},{"@type":"ImageObject","inLanguage":"it-IT","@id":"https:\/\/www.fabrizioaltieri.it\/wordpress\/libriamoci\/#primaryimage","url":"https:\/\/www.fabrizioaltieri.it\/wordpress\/wp-content\/uploads\/2015\/11\/LIBRIAMOCI_LOGO.jpg","contentUrl":"https:\/\/www.fabrizioaltieri.it\/wordpress\/wp-content\/uploads\/2015\/11\/LIBRIAMOCI_LOGO.jpg","width":680,"height":452,"caption":"libriamoci"},{"@type":"BreadcrumbList","@id":"https:\/\/www.fabrizioaltieri.it\/wordpress\/libriamoci\/#breadcrumb","itemListElement":[{"@type":"ListItem","position":1,"name":"Home","item":"https:\/\/www.fabrizioaltieri.it\/wordpress\/"},{"@type":"ListItem","position":2,"name":"Battello a Vapore","item":"https:\/\/www.fabrizioaltieri.it\/wordpress\/tag\/battello-a-vapore\/"},{"@type":"ListItem","position":3,"name":"Libriamoci 2021"}]},{"@type":"WebSite","@id":"https:\/\/www.fabrizioaltieri.it\/wordpress\/#website","url":"https:\/\/www.fabrizioaltieri.it\/wordpress\/","name":"Fabrizio Altieri","description":"Scrittore e insegnante","publisher":{"@id":"https:\/\/www.fabrizioaltieri.it\/wordpress\/#\/schema\/person\/b9b57fbf444bfcc1f1861e5b25d24b41"},"alternateName":"Schede didattiche e libri per ragazzi","potentialAction":[{"@type":"SearchAction","target":{"@type":"EntryPoint","urlTemplate":"https:\/\/www.fabrizioaltieri.it\/wordpress\/?s={search_term_string}"},"query-input":{"@type":"PropertyValueSpecification","valueRequired":true,"valueName":"search_term_string"}}],"inLanguage":"it-IT"},{"@type":["Person","Organization"],"@id":"https:\/\/www.fabrizioaltieri.it\/wordpress\/#\/schema\/person\/b9b57fbf444bfcc1f1861e5b25d24b41","name":"Fabrizio","image":{"@type":"ImageObject","inLanguage":"it-IT","@id":"https:\/\/www.fabrizioaltieri.it\/wordpress\/wp-content\/uploads\/2023\/12\/scrittorone-e1729327151144.jpg","url":"https:\/\/www.fabrizioaltieri.it\/wordpress\/wp-content\/uploads\/2023\/12\/scrittorone-e1729327151144.jpg","contentUrl":"https:\/\/www.fabrizioaltieri.it\/wordpress\/wp-content\/uploads\/2023\/12\/scrittorone-e1729327151144.jpg","width":320,"height":320,"caption":"Fabrizio"},"logo":{"@id":"https:\/\/www.fabrizioaltieri.it\/wordpress\/wp-content\/uploads\/2023\/12\/scrittorone-e1729327151144.jpg"},"description":"Fabrizio Altieri, pisano, \u00e8 insegnante e scrive libri per ragazzi e per grandi. Ha pubblicato con le pi\u00f9 importanti case editrici tra le quali Mondadori, Feltrinelli, Rizzoli e Il Battello a Vapore","sameAs":["https:\/\/www.facebook.com\/fabrizio.altieri","https:\/\/www.instagram.com\/scrittorone\/","https:\/\/x.com\/https:\/\/twitter.com\/scrittorone"],"url":"https:\/\/www.fabrizioaltieri.it\/wordpress\/author\/fabcyr79\/"}]}},"_links":{"self":[{"href":"https:\/\/www.fabrizioaltieri.it\/wordpress\/wp-json\/wp\/v2\/pages\/5950","targetHints":{"allow":["GET"]}}],"collection":[{"href":"https:\/\/www.fabrizioaltieri.it\/wordpress\/wp-json\/wp\/v2\/pages"}],"about":[{"href":"https:\/\/www.fabrizioaltieri.it\/wordpress\/wp-json\/wp\/v2\/types\/page"}],"author":[{"embeddable":true,"href":"https:\/\/www.fabrizioaltieri.it\/wordpress\/wp-json\/wp\/v2\/users\/1"}],"replies":[{"embeddable":true,"href":"https:\/\/www.fabrizioaltieri.it\/wordpress\/wp-json\/wp\/v2\/comments?post=5950"}],"version-history":[{"count":0,"href":"https:\/\/www.fabrizioaltieri.it\/wordpress\/wp-json\/wp\/v2\/pages\/5950\/revisions"}],"wp:attachment":[{"href":"https:\/\/www.fabrizioaltieri.it\/wordpress\/wp-json\/wp\/v2\/media?parent=5950"}],"curies":[{"name":"wp","href":"https:\/\/api.w.org\/{rel}","templated":true}]}}